{"id":18556,"date":"2024-11-13T13:24:20","date_gmt":"2024-11-13T16:24:20","guid":{"rendered":"https:\/\/cladursoimobiliaria.com.br\/?page_id=18556"},"modified":"2024-11-13T13:25:42","modified_gmt":"2024-11-13T16:25:42","slug":"imovel-bairro-vila-mariana","status":"publish","type":"page","link":"https:\/\/cladursoimobiliaria.com.br\/index.php\/imovel-bairro-vila-mariana\/","title":{"rendered":"Im\u00f3vel-Bairro-Vila-Mariana"},"content":{"rendered":"\t\t<div data-elementor-type=\"wp-page\" data-elementor-id=\"18556\" class=\"elementor elementor-18556\">\n\t\t\t\t<div class=\"elementor-element elementor-element-234ba51 e-flex e-con-boxed e-con e-parent\" data-id=\"234ba51\" data-element_type=\"container\" data-e-type=\"container\">\n\t\t\t\t\t<div class=\"e-con-inner\">\n\t\t\t\t<div class=\"elementor-element elementor-element-2bdc001 elementor-widget elementor-widget-html\" data-id=\"2bdc001\" data-element_type=\"widget\" data-e-type=\"widget\" data-widget_type=\"html.default\">\n\t\t\t\t<div class=\"elementor-widget-container\">\n\t\t\t\t\t\t<div class=\"loop epl-shortcode epl-clearfix\">\n\t\t<div class=\"loop-content  epl-template-blog epl-clearfix\">\n\t\t\t\n<div id=\"post-19810\" class=\"epl-listing-post epl-property-blog epl-clearfix post-19810 property type-property status-publish has-post-thumbnail hentry location-vila-mariana epl-status-current\" >\n\t<div class=\"epl-property-blog-entry-wrapper epl-clearfix\">\n\t\t\t\t\t\t\t\t\t<div class=\"property-box property-box-left property-featured-image-wrapper\">\n\t\t\t\t\t\t\t<div class=\"epl-archive-entry-image\">\n\t\t\t\t\t\t\t<a href=\"https:\/\/cladursoimobiliaria.com.br\/index.php\/property\/apartamento-venda-ou-locacao-vila-mariana-15-andar\/\">\n\t\t\t\t\t\t\t<div class=\"epl-blog-image\">\n\t\t\t\t\t\t\t<div class=\"epl-stickers-wrapper\">\n\t\t\t\t\t<\/div>\n\t\t\t\t\t\t\t<img fetchpriority=\"high\" decoding=\"async\" width=\"300\" height=\"200\" src=\"https:\/\/cladursoimobiliaria.com.br\/wp-content\/uploads\/2025\/08\/41-Condominio-Axis-Vila-Mariana-15\u00b0-andar-3-300x200.jpg\" class=\"teaser-left-thumb wp-post-image\" alt=\"\" srcset=\"https:\/\/cladursoimobiliaria.com.br\/wp-content\/uploads\/2025\/08\/41-Condominio-Axis-Vila-Mariana-15\u00b0-andar-3-300x200.jpg 300w, https:\/\/cladursoimobiliaria.com.br\/wp-content\/uploads\/2025\/08\/41-Condominio-Axis-Vila-Mariana-15\u00b0-andar-3-930x620.jpg 930w\" sizes=\"(max-width: 300px) 100vw, 300px\" \/>\t\t\t\t<\/div>\n\t\t\t\t\t\t\t<\/a>\n\t\t\t\t\t<\/div>\n\t\t\t\t\t\t\t<!-- Home Open -->\n\t\t\t\t\t\t\t\t\t<\/div>\n\t\t\t\n\t\t\t<div class=\"property-box property-box-right property-content\">\n\t\t\t\t<!-- Heading -->\n\t\t\t\t<h3 class=\"entry-title\"><a href=\"https:\/\/cladursoimobiliaria.com.br\/index.php\/property\/apartamento-venda-ou-locacao-vila-mariana-15-andar\/\">Apartamento Venda ou Loca\u00e7\u00e3o Vila Mariana &#8211; 15\u00b0 andar<\/a><\/h3>\n\t\t\t\t<div class=\"entry-content\">\n\t\t\t\t\t<div class=\"epl-excerpt-content\"><p>Im\u00f3vel semi mobiliado Lazer total: Pet place Co-Working Fitness Piscina parte aberta e parte fechada Pet place Play Ground dentro e fora Churrasqueira Sal\u00e3o de festas Perto de metr\u00f4, escolas, com\u00e9rcio, hospitais, supermercados, Pra\u00e7a \u00c1rvore, Ibirapuera. Bairro seguro e calmo. Apartamento 2 su\u00edtes, 1 com varanda, reformado, ar condicionado, rec\u00e9m pintado, lavabo, vista maravilhosa de<a href=\"https:\/\/cladursoimobiliaria.com.br\/index.php\/property\/apartamento-venda-ou-locacao-vila-mariana-15-andar\/\" class=\"\" rel=\"bookmark\">Continue a ler &raquo;<span class=\"screen-reader-text\">Apartamento Venda ou Loca\u00e7\u00e3o Vila Mariana &#8211; 15\u00b0 andar<\/span><\/a><\/p>\n<\/div>\t\t\t\t<\/div>\n\t\t\t\t<!-- Address -->\n\t\t\t\t<div class=\"property-address\">\n\t\t\t\t\t<a href=\"https:\/\/cladursoimobiliaria.com.br\/index.php\/property\/apartamento-venda-ou-locacao-vila-mariana-15-andar\/\">\n\t\t\t\t\t\t\t\n\t\t\t<span class=\"entry-title-sub\">\n\t\t\t\t\t\t\t<span class=\"item-suburb\"><\/span>\n\t\t\t\t\n\t\t\t\t\t\t\t<span class=\"item-city\"><\/span>\n\t\t\t\t\t\t\t<span class=\"item-state\"><\/span>\n\t\t\t<span class=\"item-pcode\"><\/span>\n\t\t\t\t\t<\/span>\n\t\t\t\t\t\t\t<\/a>\n\t\t\t\t<\/div>\n\t\t\t\t<!-- Property Featured Icons -->\n\t\t\t\t<div class=\"property-feature-icons\">\n\t\t\t\t\t<div class=\"epl-icon-svg-container epl-icon-container-bed\">\n\t\t\t\t\t\t\t<div class=\"epl-icon epl-icon-svg bed\" title=\"Dormit\u00f3rios\"><svg viewBox=\"0 0 100 100\" class=\"epl-icon-svg-bed\"><use xlink:href=\"#epl-icon-svg-bed\"><\/use><\/svg><\/div>\n\t\t\t\t\t\t\t<div class=\"icon-value\">2<\/div>\n\t\t\t\t\t\t<\/div><div class=\"epl-icon-svg-container epl-icon-container-pool\">\n\t\t\t\t\t\t\t\t<div class=\"epl-icon epl-icon-svg pool\" title=\"Piscina\"><svg viewBox=\"0 0 100 100\" class=\"epl-icon-svg-pool\"><use xlink:href=\"#epl-icon-svg-pool\"><\/use><\/svg><\/div>\n\t\t\t\t\t\t\t<\/div>\t\t\t\t<\/div>\n\t\t\t\t<!-- Price -->\n\t\t\t\t<div class=\"price\">\n\t\t\t\t\t<span class=\"page-price\">R$ 1.400.000,00<\/span>\t\t\t\t<\/div>\n\t\t\t<\/div>\n\t\t\t<\/div>\n<\/div>\n\n<div id=\"post-19713\" class=\"epl-listing-post epl-property-blog epl-clearfix post-19713 rental type-rental status-publish has-post-thumbnail hentry location-vila-mariana epl-status-current\" >\n\t<div class=\"epl-property-blog-entry-wrapper epl-clearfix\">\n\t\t\t\t\t\t\t\t\t<div class=\"property-box property-box-left property-featured-image-wrapper\">\n\t\t\t\t\t\t\t<div class=\"epl-archive-entry-image\">\n\t\t\t\t\t\t\t<a href=\"https:\/\/cladursoimobiliaria.com.br\/index.php\/rental\/apartamento-aluguel-vila-mariana-lindamente-decorado-r-6-50000\/\">\n\t\t\t\t\t\t\t<div class=\"epl-blog-image\">\n\t\t\t\t\t\t\t<div class=\"epl-stickers-wrapper\">\n\t\t\t\t\t<\/div>\n\t\t\t\t\t\t\t<img decoding=\"async\" width=\"300\" height=\"200\" data-src=\"https:\/\/cladursoimobiliaria.com.br\/wp-content\/uploads\/2025\/08\/39-apartamento-152-B-Axis-Vila-Mariana-12-300x200.jpg\" class=\"teaser-left-thumb wp-post-image lazyload\" alt=\"\" data-srcset=\"https:\/\/cladursoimobiliaria.com.br\/wp-content\/uploads\/2025\/08\/39-apartamento-152-B-Axis-Vila-Mariana-12-300x200.jpg 300w, https:\/\/cladursoimobiliaria.com.br\/wp-content\/uploads\/2025\/08\/39-apartamento-152-B-Axis-Vila-Mariana-12-930x620.jpg 930w\" data-sizes=\"(max-width: 300px) 100vw, 300px\" src=\"data:image\/svg+xml;base64,PHN2ZyB3aWR0aD0iMSIgaGVpZ2h0PSIxIiB4bWxucz0iaHR0cDovL3d3dy53My5vcmcvMjAwMC9zdmciPjwvc3ZnPg==\" style=\"--smush-placeholder-width: 300px; --smush-placeholder-aspect-ratio: 300\/200;\" \/>\t\t\t\t<\/div>\n\t\t\t\t\t\t\t<\/a>\n\t\t\t\t\t<\/div>\n\t\t\t\t\t\t\t<!-- Home Open -->\n\t\t\t\t\t\t\t\t\t<\/div>\n\t\t\t\n\t\t\t<div class=\"property-box property-box-right property-content\">\n\t\t\t\t<!-- Heading -->\n\t\t\t\t<h3 class=\"entry-title\"><a href=\"https:\/\/cladursoimobiliaria.com.br\/index.php\/rental\/apartamento-aluguel-vila-mariana-lindamente-decorado-r-6-50000\/\">Apartamento Aluguel Vila Mariana lindamente decorado &#8211; R$ 6.500,00<\/a><\/h3>\n\t\t\t\t<div class=\"entry-content\">\n\t\t\t\t\t<div class=\"epl-excerpt-content\"><p>Lindo apartamento para alugar com decora\u00e7\u00e3o moderna, uma j\u00f3ia rara. Localizado na Vila Mariana que possui carateristicas unicas: ruas arborizadas, ambiente residencial e infraestrutura consolidada, incluindo boas escolas (Col\u00e9gio Objetivo, Etapa), hospitais refer\u00eancias (Hospital S\u00e3o Paulo, Hospital Santa Cruz), f\u00e1cil acesso a grandes vias (Avenidas Jabaquara e Indian\u00f3polis) e \u00e1reas de lazer como o Parque<a href=\"https:\/\/cladursoimobiliaria.com.br\/index.php\/rental\/apartamento-aluguel-vila-mariana-lindamente-decorado-r-6-50000\/\" class=\"\" rel=\"bookmark\">Continue a ler &raquo;<span class=\"screen-reader-text\">Apartamento Aluguel Vila Mariana lindamente decorado &#8211; R$ 6.500,00<\/span><\/a><\/p>\n<\/div>\t\t\t\t<\/div>\n\t\t\t\t<!-- Address -->\n\t\t\t\t<div class=\"property-address\">\n\t\t\t\t\t<a href=\"https:\/\/cladursoimobiliaria.com.br\/index.php\/rental\/apartamento-aluguel-vila-mariana-lindamente-decorado-r-6-50000\/\">\n\t\t\t\t\t\t\t\n\t\t\t<span class=\"entry-title-sub\">\n\t\t\t\t\t\t\t<span class=\"item-suburb\"><\/span>\n\t\t\t\t\n\t\t\t\t\t\t\t<span class=\"item-city\"><\/span>\n\t\t\t\t\t\t\t<span class=\"item-state\"><\/span>\n\t\t\t<span class=\"item-pcode\"><\/span>\n\t\t\t\t\t<\/span>\n\t\t\t\t\t\t\t<\/a>\n\t\t\t\t<\/div>\n\t\t\t\t<!-- Property Featured Icons -->\n\t\t\t\t<div class=\"property-feature-icons\">\n\t\t\t\t\t<div class=\"epl-icon-svg-container epl-icon-container-bed\">\n\t\t\t\t\t\t\t<div class=\"epl-icon epl-icon-svg bed\" title=\"Dormit\u00f3rios\"><svg viewBox=\"0 0 100 100\" class=\"epl-icon-svg-bed\"><use xlink:href=\"#epl-icon-svg-bed\"><\/use><\/svg><\/div>\n\t\t\t\t\t\t\t<div class=\"icon-value\">2<\/div>\n\t\t\t\t\t\t<\/div><div class=\"epl-icon-svg-container epl-icon-container-pool\">\n\t\t\t\t\t\t\t\t<div class=\"epl-icon epl-icon-svg pool\" title=\"Piscina\"><svg viewBox=\"0 0 100 100\" class=\"epl-icon-svg-pool\"><use xlink:href=\"#epl-icon-svg-pool\"><\/use><\/svg><\/div>\n\t\t\t\t\t\t\t<\/div>\t\t\t\t<\/div>\n\t\t\t\t<!-- Price -->\n\t\t\t\t<div class=\"price\">\n\t\t\t\t\t<span class=\"page-price\">Consulte<\/span>\t\t\t\t<\/div>\n\t\t\t<\/div>\n\t\t\t<\/div>\n<\/div>\n\n<div id=\"post-18103\" class=\"epl-listing-post epl-property-blog epl-clearfix post-18103 rental type-rental status-publish has-post-thumbnail hentry location-vila-mariana epl-status-current\" >\n\t<div class=\"epl-property-blog-entry-wrapper epl-clearfix\">\n\t\t\t\t\t\t\t\t\t<div class=\"property-box property-box-left property-featured-image-wrapper\">\n\t\t\t\t\t\t\t<div class=\"epl-archive-entry-image\">\n\t\t\t\t\t\t\t<a href=\"https:\/\/cladursoimobiliaria.com.br\/index.php\/rental\/apartamento-vila-mariana\/\">\n\t\t\t\t\t\t\t<div class=\"epl-blog-image\">\n\t\t\t\t\t\t\t<div class=\"epl-stickers-wrapper\">\n\t\t\t\t\t<\/div>\n\t\t\t\t\t\t\t<img decoding=\"async\" width=\"300\" height=\"200\" data-src=\"https:\/\/cladursoimobiliaria.com.br\/wp-content\/uploads\/2024\/09\/condominio-Axis-cozinha-300x200.jpg\" class=\"teaser-left-thumb wp-post-image lazyload\" alt=\"\" data-srcset=\"https:\/\/cladursoimobiliaria.com.br\/wp-content\/uploads\/2024\/09\/condominio-Axis-cozinha-300x200.jpg 300w, https:\/\/cladursoimobiliaria.com.br\/wp-content\/uploads\/2024\/09\/condominio-Axis-cozinha-930x620.jpg 930w\" data-sizes=\"(max-width: 300px) 100vw, 300px\" src=\"data:image\/svg+xml;base64,PHN2ZyB3aWR0aD0iMSIgaGVpZ2h0PSIxIiB4bWxucz0iaHR0cDovL3d3dy53My5vcmcvMjAwMC9zdmciPjwvc3ZnPg==\" style=\"--smush-placeholder-width: 300px; --smush-placeholder-aspect-ratio: 300\/200;\" \/>\t\t\t\t<\/div>\n\t\t\t\t\t\t\t<\/a>\n\t\t\t\t\t<\/div>\n\t\t\t\t\t\t\t<!-- Home Open -->\n\t\t\t\t\t\t\t\t\t<\/div>\n\t\t\t\n\t\t\t<div class=\"property-box property-box-right property-content\">\n\t\t\t\t<!-- Heading -->\n\t\t\t\t<h3 class=\"entry-title\"><a href=\"https:\/\/cladursoimobiliaria.com.br\/index.php\/rental\/apartamento-vila-mariana\/\">Apartamento Reformado Vila Mariana - Loca\u00e7\u00e3o R$ 6.000,00<\/a><\/h3>\n\t\t\t\t<div class=\"entry-content\">\n\t\t\t\t\t<div class=\"epl-excerpt-content\"><p>\u00d3timo apartamento para loca\u00e7\u00e3o, rec\u00e9m reformado e semimobiliado. Caracter\u00edsticas: 74 m\u00b2 \u00e1rea \u00fatil; 2 su\u00edtes; Ar condicionado; Piscina; \u00c1rea gourmet; Playground; Academia; 1 vaga garagem. Aluguel: R$ 6.000,00 (n\u00e3o aceita contraproposta) IPTU : R$ 380,00 Condom\u00ednio: R$ 1.120,00 &#8211; n\u00e3o aceita pet<\/p>\n<\/div>\t\t\t\t<\/div>\n\t\t\t\t<!-- Address -->\n\t\t\t\t<div class=\"property-address\">\n\t\t\t\t\t<a href=\"https:\/\/cladursoimobiliaria.com.br\/index.php\/rental\/apartamento-vila-mariana\/\">\n\t\t\t\t\t\t\t\n\t\t\t<span class=\"entry-title-sub\">\n\t\t\t\t\t\t\t<span class=\"item-suburb\">Vila Mariana<\/span>\n\t\t\t\t\n\t\t\t\t\t\t\t<span class=\"item-city\"><\/span>\n\t\t\t\t\t\t\t<span class=\"item-state\"><\/span>\n\t\t\t<span class=\"item-pcode\"><\/span>\n\t\t\t\t\t<\/span>\n\t\t\t\t\t\t\t<\/a>\n\t\t\t\t<\/div>\n\t\t\t\t<!-- Property Featured Icons -->\n\t\t\t\t<div class=\"property-feature-icons\">\n\t\t\t\t\t<div class=\"epl-icon-svg-container epl-icon-container-bed\">\n\t\t\t\t\t\t\t<div class=\"epl-icon epl-icon-svg bed\" title=\"Dormit\u00f3rios\"><svg viewBox=\"0 0 100 100\" class=\"epl-icon-svg-bed\"><use xlink:href=\"#epl-icon-svg-bed\"><\/use><\/svg><\/div>\n\t\t\t\t\t\t\t<div class=\"icon-value\">2<\/div>\n\t\t\t\t\t\t<\/div><div class=\"epl-icon-svg-container epl-icon-container-bath\">\n\t\t\t\t\t\t\t<div class=\"epl-icon epl-icon-svg bath\" title=\"Banheiros\"><svg viewBox=\"0 0 100 100\" class=\"epl-icon-svg-bath\"><use xlink:href=\"#epl-icon-svg-bath\"><\/use><\/svg><\/div>\n\t\t\t\t\t\t\t<div class=\"icon-value\">2<\/div>\n\t\t\t\t\t\t<\/div><div class=\"epl-icon-svg-container epl-icon-container-car\">\n\t\t\t\t\t\t\t<div class=\"epl-icon epl-icon-svg car\" title=\"Vagas de estacionamento\"><svg viewBox=\"0 0 100 100\" class=\"epl-icon-svg-car\"><use xlink:href=\"#epl-icon-svg-car\"><\/use><\/svg><\/div>\n\t\t\t\t\t\t\t<div class=\"icon-value\">1<\/div>\n\t\t\t\t\t\t<\/div><div class=\"epl-icon-svg-container epl-icon-container-air\">\n\t\t\t\t\t\t\t\t\t\t<div class=\"epl-icon epl-icon-svg air\" title=\"Ar condicionado\"><svg viewBox=\"0 0 100 100\" class=\"epl-icon-svg-air\"><use xlink:href=\"#epl-icon-svg-air\"><\/use><\/svg><\/div>\n\t\t\t\t\t\t\t<\/div><div class=\"epl-icon-svg-container epl-icon-container-pool\">\n\t\t\t\t\t\t\t\t<div class=\"epl-icon epl-icon-svg pool\" title=\"Piscina\"><svg viewBox=\"0 0 100 100\" class=\"epl-icon-svg-pool\"><use xlink:href=\"#epl-icon-svg-pool\"><\/use><\/svg><\/div>\n\t\t\t\t\t\t\t<\/div>\t\t\t\t<\/div>\n\t\t\t\t<!-- Price -->\n\t\t\t\t<div class=\"price\">\n\t\t\t\t\t<span class=\"page-price-rent\"><span class=\"page-price\" style=\"margin-right:0\">R$ 6.000,00<\/span><\/span>\t\t\t\t<\/div>\n\t\t\t<\/div>\n\t\t\t<\/div>\n<\/div>\n\t\t<\/div>\n\t\t<div class=\"loop-footer epl-clearfix\">\n\t\t\t\t\t\t<\/div>\n\t<\/div>\n\t\t\t\t\t<\/div>\n\t\t\t\t<\/div>\n\t\t\t\t\t<\/div>\n\t\t\t\t<\/div>\n\t\t\t\t<\/div>\n\t\t","protected":false},"excerpt":{"rendered":"","protected":false},"author":1,"featured_media":0,"parent":0,"menu_order":0,"comment_status":"closed","ping_status":"closed","template":"page-templates\/template-pagebuilder-full-width.php","meta":{"neve_meta_sidebar":"","neve_meta_container":"","neve_meta_enable_content_width":"off","neve_meta_content_width":100,"neve_meta_title_alignment":"","neve_meta_author_avatar":"","neve_post_elements_order":"","neve_meta_disable_header":"","neve_meta_disable_footer":"","neve_meta_disable_title":"","footnotes":""},"folder":[],"class_list":["post-18556","page","type-page","status-publish","hentry","epl-status-current"],"yoast_head":"<!-- This site is optimized with the Yoast SEO plugin v27.4 - https:\/\/yoast.com\/product\/yoast-seo-wordpress\/ -->\n<title>Im\u00f3vel-Bairro-Vila-Mariana -<\/title>\n<meta name=\"robots\" content=\"index, follow, max-snippet:-1, max-image-preview:large, max-video-preview:-1\" \/>\n<link rel=\"canonical\" href=\"https:\/\/cladursoimobiliaria.com.br\/index.php\/imovel-bairro-vila-mariana\/\" \/>\n<meta property=\"og:locale\" content=\"pt_BR\" \/>\n<meta property=\"og:type\" content=\"article\" \/>\n<meta property=\"og:title\" content=\"Im\u00f3vel-Bairro-Vila-Mariana -\" \/>\n<meta property=\"og:url\" content=\"https:\/\/cladursoimobiliaria.com.br\/index.php\/imovel-bairro-vila-mariana\/\" \/>\n<meta property=\"article:modified_time\" content=\"2024-11-13T16:25:42+00:00\" \/>\n<meta name=\"twitter:card\" content=\"summary_large_image\" \/>\n<script type=\"application\/ld+json\" class=\"yoast-schema-graph\">{\"@context\":\"https:\\\/\\\/schema.org\",\"@graph\":[{\"@type\":\"WebPage\",\"@id\":\"https:\\\/\\\/cladursoimobiliaria.com.br\\\/index.php\\\/imovel-bairro-vila-mariana\\\/\",\"url\":\"https:\\\/\\\/cladursoimobiliaria.com.br\\\/index.php\\\/imovel-bairro-vila-mariana\\\/\",\"name\":\"Im\u00f3vel-Bairro-Vila-Mariana -\",\"isPartOf\":{\"@id\":\"https:\\\/\\\/cladursoimobiliaria.com.br\\\/#website\"},\"datePublished\":\"2024-11-13T16:24:20+00:00\",\"dateModified\":\"2024-11-13T16:25:42+00:00\",\"breadcrumb\":{\"@id\":\"https:\\\/\\\/cladursoimobiliaria.com.br\\\/index.php\\\/imovel-bairro-vila-mariana\\\/#breadcrumb\"},\"inLanguage\":\"pt-BR\",\"potentialAction\":[{\"@type\":\"ReadAction\",\"target\":[\"https:\\\/\\\/cladursoimobiliaria.com.br\\\/index.php\\\/imovel-bairro-vila-mariana\\\/\"]}]},{\"@type\":\"BreadcrumbList\",\"@id\":\"https:\\\/\\\/cladursoimobiliaria.com.br\\\/index.php\\\/imovel-bairro-vila-mariana\\\/#breadcrumb\",\"itemListElement\":[{\"@type\":\"ListItem\",\"position\":1,\"name\":\"Home\",\"item\":\"https:\\\/\\\/cladursoimobiliaria.com.br\\\/\"},{\"@type\":\"ListItem\",\"position\":2,\"name\":\"Im\u00f3vel-Bairro-Vila-Mariana\"}]},{\"@type\":\"WebSite\",\"@id\":\"https:\\\/\\\/cladursoimobiliaria.com.br\\\/#website\",\"url\":\"https:\\\/\\\/cladursoimobiliaria.com.br\\\/\",\"name\":\"Cladurso Imobili\u00e1ria\",\"description\":\"\",\"publisher\":{\"@id\":\"https:\\\/\\\/cladursoimobiliaria.com.br\\\/#organization\"},\"potentialAction\":[{\"@type\":\"SearchAction\",\"target\":{\"@type\":\"EntryPoint\",\"urlTemplate\":\"https:\\\/\\\/cladursoimobiliaria.com.br\\\/?s={search_term_string}\"},\"query-input\":{\"@type\":\"PropertyValueSpecification\",\"valueRequired\":true,\"valueName\":\"search_term_string\"}}],\"inLanguage\":\"pt-BR\"},{\"@type\":\"Organization\",\"@id\":\"https:\\\/\\\/cladursoimobiliaria.com.br\\\/#organization\",\"name\":\"Cladurso Imobili\u00e1ria\",\"url\":\"https:\\\/\\\/cladursoimobiliaria.com.br\\\/\",\"logo\":{\"@type\":\"ImageObject\",\"inLanguage\":\"pt-BR\",\"@id\":\"https:\\\/\\\/cladursoimobiliaria.com.br\\\/#\\\/schema\\\/logo\\\/image\\\/\",\"url\":\"https:\\\/\\\/cladursoimobiliaria.com.br\\\/wp-content\\\/uploads\\\/2024\\\/08\\\/logo-imobiliaria-cladurso.jpg\",\"contentUrl\":\"https:\\\/\\\/cladursoimobiliaria.com.br\\\/wp-content\\\/uploads\\\/2024\\\/08\\\/logo-imobiliaria-cladurso.jpg\",\"width\":500,\"height\":500,\"caption\":\"Cladurso Imobili\u00e1ria\"},\"image\":{\"@id\":\"https:\\\/\\\/cladursoimobiliaria.com.br\\\/#\\\/schema\\\/logo\\\/image\\\/\"},\"sameAs\":[\"https:\\\/\\\/www.instagram.com\\\/imobiliariacladurso\\\/?igsh=NmV6azNvdjk5Nm5y#\"]}]}<\/script>\n<!-- \/ Yoast SEO plugin. -->","yoast_head_json":{"title":"Im\u00f3vel-Bairro-Vila-Mariana -","robots":{"index":"index","follow":"follow","max-snippet":"max-snippet:-1","max-image-preview":"max-image-preview:large","max-video-preview":"max-video-preview:-1"},"canonical":"https:\/\/cladursoimobiliaria.com.br\/index.php\/imovel-bairro-vila-mariana\/","og_locale":"pt_BR","og_type":"article","og_title":"Im\u00f3vel-Bairro-Vila-Mariana -","og_url":"https:\/\/cladursoimobiliaria.com.br\/index.php\/imovel-bairro-vila-mariana\/","article_modified_time":"2024-11-13T16:25:42+00:00","twitter_card":"summary_large_image","schema":{"@context":"https:\/\/schema.org","@graph":[{"@type":"WebPage","@id":"https:\/\/cladursoimobiliaria.com.br\/index.php\/imovel-bairro-vila-mariana\/","url":"https:\/\/cladursoimobiliaria.com.br\/index.php\/imovel-bairro-vila-mariana\/","name":"Im\u00f3vel-Bairro-Vila-Mariana -","isPartOf":{"@id":"https:\/\/cladursoimobiliaria.com.br\/#website"},"datePublished":"2024-11-13T16:24:20+00:00","dateModified":"2024-11-13T16:25:42+00:00","breadcrumb":{"@id":"https:\/\/cladursoimobiliaria.com.br\/index.php\/imovel-bairro-vila-mariana\/#breadcrumb"},"inLanguage":"pt-BR","potentialAction":[{"@type":"ReadAction","target":["https:\/\/cladursoimobiliaria.com.br\/index.php\/imovel-bairro-vila-mariana\/"]}]},{"@type":"BreadcrumbList","@id":"https:\/\/cladursoimobiliaria.com.br\/index.php\/imovel-bairro-vila-mariana\/#breadcrumb","itemListElement":[{"@type":"ListItem","position":1,"name":"Home","item":"https:\/\/cladursoimobiliaria.com.br\/"},{"@type":"ListItem","position":2,"name":"Im\u00f3vel-Bairro-Vila-Mariana"}]},{"@type":"WebSite","@id":"https:\/\/cladursoimobiliaria.com.br\/#website","url":"https:\/\/cladursoimobiliaria.com.br\/","name":"Cladurso Imobili\u00e1ria","description":"","publisher":{"@id":"https:\/\/cladursoimobiliaria.com.br\/#organization"},"potentialAction":[{"@type":"SearchAction","target":{"@type":"EntryPoint","urlTemplate":"https:\/\/cladursoimobiliaria.com.br\/?s={search_term_string}"},"query-input":{"@type":"PropertyValueSpecification","valueRequired":true,"valueName":"search_term_string"}}],"inLanguage":"pt-BR"},{"@type":"Organization","@id":"https:\/\/cladursoimobiliaria.com.br\/#organization","name":"Cladurso Imobili\u00e1ria","url":"https:\/\/cladursoimobiliaria.com.br\/","logo":{"@type":"ImageObject","inLanguage":"pt-BR","@id":"https:\/\/cladursoimobiliaria.com.br\/#\/schema\/logo\/image\/","url":"https:\/\/cladursoimobiliaria.com.br\/wp-content\/uploads\/2024\/08\/logo-imobiliaria-cladurso.jpg","contentUrl":"https:\/\/cladursoimobiliaria.com.br\/wp-content\/uploads\/2024\/08\/logo-imobiliaria-cladurso.jpg","width":500,"height":500,"caption":"Cladurso Imobili\u00e1ria"},"image":{"@id":"https:\/\/cladursoimobiliaria.com.br\/#\/schema\/logo\/image\/"},"sameAs":["https:\/\/www.instagram.com\/imobiliariacladurso\/?igsh=NmV6azNvdjk5Nm5y#"]}]}},"_links":{"self":[{"href":"https:\/\/cladursoimobiliaria.com.br\/index.php\/wp-json\/wp\/v2\/pages\/18556","targetHints":{"allow":["GET"]}}],"collection":[{"href":"https:\/\/cladursoimobiliaria.com.br\/index.php\/wp-json\/wp\/v2\/pages"}],"about":[{"href":"https:\/\/cladursoimobiliaria.com.br\/index.php\/wp-json\/wp\/v2\/types\/page"}],"author":[{"embeddable":true,"href":"https:\/\/cladursoimobiliaria.com.br\/index.php\/wp-json\/wp\/v2\/users\/1"}],"replies":[{"embeddable":true,"href":"https:\/\/cladursoimobiliaria.com.br\/index.php\/wp-json\/wp\/v2\/comments?post=18556"}],"version-history":[{"count":4,"href":"https:\/\/cladursoimobiliaria.com.br\/index.php\/wp-json\/wp\/v2\/pages\/18556\/revisions"}],"predecessor-version":[{"id":18560,"href":"https:\/\/cladursoimobiliaria.com.br\/index.php\/wp-json\/wp\/v2\/pages\/18556\/revisions\/18560"}],"wp:attachment":[{"href":"https:\/\/cladursoimobiliaria.com.br\/index.php\/wp-json\/wp\/v2\/media?parent=18556"}],"wp:term":[{"taxonomy":"folder","embeddable":true,"href":"https:\/\/cladursoimobiliaria.com.br\/index.php\/wp-json\/wp\/v2\/folder?post=18556"}],"curies":[{"name":"wp","href":"https:\/\/api.w.org\/{rel}","templated":true}]}}