{"id":18564,"date":"2024-11-13T13:27:51","date_gmt":"2024-11-13T16:27:51","guid":{"rendered":"https:\/\/cladursoimobiliaria.com.br\/?page_id=18564"},"modified":"2024-11-13T13:29:04","modified_gmt":"2024-11-13T16:29:04","slug":"imovel-bairro-mooca","status":"publish","type":"page","link":"https:\/\/cladursoimobiliaria.com.br\/index.php\/imovel-bairro-mooca\/","title":{"rendered":"Im\u00f3vel-Bairro-Mooca"},"content":{"rendered":"\t\t<div data-elementor-type=\"wp-page\" data-elementor-id=\"18564\" class=\"elementor elementor-18564\">\n\t\t\t\t<div class=\"elementor-element elementor-element-be21aba e-flex e-con-boxed e-con e-parent\" data-id=\"be21aba\" data-element_type=\"container\" data-e-type=\"container\">\n\t\t\t\t\t<div class=\"e-con-inner\">\n\t\t\t\t<div class=\"elementor-element elementor-element-e5a6f8a elementor-widget elementor-widget-html\" data-id=\"e5a6f8a\" data-element_type=\"widget\" data-e-type=\"widget\" data-widget_type=\"html.default\">\n\t\t\t\t<div class=\"elementor-widget-container\">\n\t\t\t\t\t\t<div class=\"loop epl-shortcode epl-clearfix\">\n\t\t<div class=\"loop-content  epl-template-blog epl-clearfix\">\n\t\t\t\n<div id=\"post-18453\" class=\"epl-listing-post epl-property-blog epl-clearfix post-18453 property type-property status-publish has-post-thumbnail hentry location-mooca tax_feature-imovel-comercial epl-status-current\" >\n\t<div class=\"epl-property-blog-entry-wrapper epl-clearfix\">\n\t\t\t\t\t\t\t\t\t<div class=\"property-box property-box-left property-featured-image-wrapper\">\n\t\t\t\t\t\t\t<div class=\"epl-archive-entry-image\">\n\t\t\t\t\t\t\t<a href=\"https:\/\/cladursoimobiliaria.com.br\/index.php\/property\/imovel-comercial-mooca-venda\/\">\n\t\t\t\t\t\t\t<div class=\"epl-blog-image\">\n\t\t\t\t\t\t\t<div class=\"epl-stickers-wrapper\">\n\t\t\t\t\t<\/div>\n\t\t\t\t\t\t\t<img fetchpriority=\"high\" decoding=\"async\" width=\"300\" height=\"200\" src=\"https:\/\/cladursoimobiliaria.com.br\/wp-content\/uploads\/2024\/10\/apto9_mooca_rua_dias_leme_39-300x200.jpeg\" class=\"teaser-left-thumb wp-post-image\" alt=\"\" srcset=\"https:\/\/cladursoimobiliaria.com.br\/wp-content\/uploads\/2024\/10\/apto9_mooca_rua_dias_leme_39-300x200.jpeg 300w, https:\/\/cladursoimobiliaria.com.br\/wp-content\/uploads\/2024\/10\/apto9_mooca_rua_dias_leme_39-930x620.jpeg 930w\" sizes=\"(max-width: 300px) 100vw, 300px\" \/>\t\t\t\t<\/div>\n\t\t\t\t\t\t\t<\/a>\n\t\t\t\t\t<\/div>\n\t\t\t\t\t\t\t<!-- Home Open -->\n\t\t\t\t\t\t\t\t\t<\/div>\n\t\t\t\n\t\t\t<div class=\"property-box property-box-right property-content\">\n\t\t\t\t<!-- Heading -->\n\t\t\t\t<h3 class=\"entry-title\"><a href=\"https:\/\/cladursoimobiliaria.com.br\/index.php\/property\/imovel-comercial-mooca-venda\/\">Im\u00f3vel Comercial Mooca &#8211; Venda R$ 3.800.000,00<\/a><\/h3>\n\t\t\t\t<div class=\"entry-content\">\n\t\t\t\t\t<div class=\"epl-excerpt-content\"><p>Excelente im\u00f3vel comercial localizado no cora\u00e7\u00e3o da Mooca, a apenas 3 quadras da movimentada Avenida Paes de Barros e a 1 quadra da Rua do Orat\u00f3rio. Em uma regi\u00e3o tradicional e em constante crescimento, este espa\u00e7o oferece uma oportunidade \u00fanica para neg\u00f3cios que buscam visibilidade e f\u00e1cil acesso. Com proximidade a diversas op\u00e7\u00f5es de transporte<a href=\"https:\/\/cladursoimobiliaria.com.br\/index.php\/property\/imovel-comercial-mooca-venda\/\" class=\"\" rel=\"bookmark\">Continue a ler &raquo;<span class=\"screen-reader-text\">Im\u00f3vel Comercial Mooca &#8211; Venda R$ 3.800.000,00<\/span><\/a><\/p>\n<\/div>\t\t\t\t<\/div>\n\t\t\t\t<!-- Address -->\n\t\t\t\t<div class=\"property-address\">\n\t\t\t\t\t<a href=\"https:\/\/cladursoimobiliaria.com.br\/index.php\/property\/imovel-comercial-mooca-venda\/\">\n\t\t\t\t\t\t\t\n\t\t\t<span class=\"entry-title-sub\">\n\t\t\t\t\t\t\t<span class=\"item-suburb\"><\/span>\n\t\t\t\t\n\t\t\t\t\t\t\t<span class=\"item-city\"><\/span>\n\t\t\t\t\t\t\t<span class=\"item-state\"><\/span>\n\t\t\t<span class=\"item-pcode\"><\/span>\n\t\t\t\t\t<\/span>\n\t\t\t\t\t\t\t<\/a>\n\t\t\t\t<\/div>\n\t\t\t\t<!-- Property Featured Icons -->\n\t\t\t\t<div class=\"property-feature-icons\">\n\t\t\t\t\t<div class=\"epl-icon-svg-container epl-icon-container-bath\">\n\t\t\t\t\t\t\t<div class=\"epl-icon epl-icon-svg bath\" title=\"Banheiros\"><svg viewBox=\"0 0 100 100\" class=\"epl-icon-svg-bath\"><use xlink:href=\"#epl-icon-svg-bath\"><\/use><\/svg><\/div>\n\t\t\t\t\t\t\t<div class=\"icon-value\">5<\/div>\n\t\t\t\t\t\t<\/div>\t\t\t\t<\/div>\n\t\t\t\t<!-- Price -->\n\t\t\t\t<div class=\"price\">\n\t\t\t\t\t<span class=\"page-price\">R$ 3.800.000,00<\/span>\t\t\t\t<\/div>\n\t\t\t<\/div>\n\t\t\t<\/div>\n<\/div>\n\t\t<\/div>\n\t\t<div class=\"loop-footer epl-clearfix\">\n\t\t\t\t\t\t<\/div>\n\t<\/div>\n\t\t\t\t\t<\/div>\n\t\t\t\t<\/div>\n\t\t\t\t\t<\/div>\n\t\t\t\t<\/div>\n\t\t\t\t<\/div>\n\t\t","protected":false},"excerpt":{"rendered":"","protected":false},"author":1,"featured_media":0,"parent":0,"menu_order":0,"comment_status":"closed","ping_status":"closed","template":"page-templates\/template-pagebuilder-full-width.php","meta":{"neve_meta_sidebar":"","neve_meta_container":"","neve_meta_enable_content_width":"off","neve_meta_content_width":100,"neve_meta_title_alignment":"","neve_meta_author_avatar":"","neve_post_elements_order":"","neve_meta_disable_header":"","neve_meta_disable_footer":"","neve_meta_disable_title":"","footnotes":""},"folder":[],"class_list":["post-18564","page","type-page","status-publish","hentry","epl-status-current"],"yoast_head":"<!-- This site is optimized with the Yoast SEO plugin v27.4 - https:\/\/yoast.com\/product\/yoast-seo-wordpress\/ -->\n<title>Im\u00f3vel-Bairro-Mooca -<\/title>\n<meta name=\"robots\" content=\"index, follow, max-snippet:-1, max-image-preview:large, max-video-preview:-1\" \/>\n<link rel=\"canonical\" href=\"https:\/\/cladursoimobiliaria.com.br\/index.php\/imovel-bairro-mooca\/\" \/>\n<meta property=\"og:locale\" content=\"pt_BR\" \/>\n<meta property=\"og:type\" content=\"article\" \/>\n<meta property=\"og:title\" content=\"Im\u00f3vel-Bairro-Mooca -\" \/>\n<meta property=\"og:url\" content=\"https:\/\/cladursoimobiliaria.com.br\/index.php\/imovel-bairro-mooca\/\" \/>\n<meta property=\"article:modified_time\" content=\"2024-11-13T16:29:04+00:00\" \/>\n<meta name=\"twitter:card\" content=\"summary_large_image\" \/>\n<script type=\"application\/ld+json\" class=\"yoast-schema-graph\">{\"@context\":\"https:\\\/\\\/schema.org\",\"@graph\":[{\"@type\":\"WebPage\",\"@id\":\"https:\\\/\\\/cladursoimobiliaria.com.br\\\/index.php\\\/imovel-bairro-mooca\\\/\",\"url\":\"https:\\\/\\\/cladursoimobiliaria.com.br\\\/index.php\\\/imovel-bairro-mooca\\\/\",\"name\":\"Im\u00f3vel-Bairro-Mooca -\",\"isPartOf\":{\"@id\":\"https:\\\/\\\/cladursoimobiliaria.com.br\\\/#website\"},\"datePublished\":\"2024-11-13T16:27:51+00:00\",\"dateModified\":\"2024-11-13T16:29:04+00:00\",\"breadcrumb\":{\"@id\":\"https:\\\/\\\/cladursoimobiliaria.com.br\\\/index.php\\\/imovel-bairro-mooca\\\/#breadcrumb\"},\"inLanguage\":\"pt-BR\",\"potentialAction\":[{\"@type\":\"ReadAction\",\"target\":[\"https:\\\/\\\/cladursoimobiliaria.com.br\\\/index.php\\\/imovel-bairro-mooca\\\/\"]}]},{\"@type\":\"BreadcrumbList\",\"@id\":\"https:\\\/\\\/cladursoimobiliaria.com.br\\\/index.php\\\/imovel-bairro-mooca\\\/#breadcrumb\",\"itemListElement\":[{\"@type\":\"ListItem\",\"position\":1,\"name\":\"Home\",\"item\":\"https:\\\/\\\/cladursoimobiliaria.com.br\\\/\"},{\"@type\":\"ListItem\",\"position\":2,\"name\":\"Im\u00f3vel-Bairro-Mooca\"}]},{\"@type\":\"WebSite\",\"@id\":\"https:\\\/\\\/cladursoimobiliaria.com.br\\\/#website\",\"url\":\"https:\\\/\\\/cladursoimobiliaria.com.br\\\/\",\"name\":\"Cladurso Imobili\u00e1ria\",\"description\":\"\",\"publisher\":{\"@id\":\"https:\\\/\\\/cladursoimobiliaria.com.br\\\/#organization\"},\"potentialAction\":[{\"@type\":\"SearchAction\",\"target\":{\"@type\":\"EntryPoint\",\"urlTemplate\":\"https:\\\/\\\/cladursoimobiliaria.com.br\\\/?s={search_term_string}\"},\"query-input\":{\"@type\":\"PropertyValueSpecification\",\"valueRequired\":true,\"valueName\":\"search_term_string\"}}],\"inLanguage\":\"pt-BR\"},{\"@type\":\"Organization\",\"@id\":\"https:\\\/\\\/cladursoimobiliaria.com.br\\\/#organization\",\"name\":\"Cladurso Imobili\u00e1ria\",\"url\":\"https:\\\/\\\/cladursoimobiliaria.com.br\\\/\",\"logo\":{\"@type\":\"ImageObject\",\"inLanguage\":\"pt-BR\",\"@id\":\"https:\\\/\\\/cladursoimobiliaria.com.br\\\/#\\\/schema\\\/logo\\\/image\\\/\",\"url\":\"https:\\\/\\\/cladursoimobiliaria.com.br\\\/wp-content\\\/uploads\\\/2024\\\/08\\\/logo-imobiliaria-cladurso.jpg\",\"contentUrl\":\"https:\\\/\\\/cladursoimobiliaria.com.br\\\/wp-content\\\/uploads\\\/2024\\\/08\\\/logo-imobiliaria-cladurso.jpg\",\"width\":500,\"height\":500,\"caption\":\"Cladurso Imobili\u00e1ria\"},\"image\":{\"@id\":\"https:\\\/\\\/cladursoimobiliaria.com.br\\\/#\\\/schema\\\/logo\\\/image\\\/\"},\"sameAs\":[\"https:\\\/\\\/www.instagram.com\\\/imobiliariacladurso\\\/?igsh=NmV6azNvdjk5Nm5y#\"]}]}<\/script>\n<!-- \/ Yoast SEO plugin. -->","yoast_head_json":{"title":"Im\u00f3vel-Bairro-Mooca -","robots":{"index":"index","follow":"follow","max-snippet":"max-snippet:-1","max-image-preview":"max-image-preview:large","max-video-preview":"max-video-preview:-1"},"canonical":"https:\/\/cladursoimobiliaria.com.br\/index.php\/imovel-bairro-mooca\/","og_locale":"pt_BR","og_type":"article","og_title":"Im\u00f3vel-Bairro-Mooca -","og_url":"https:\/\/cladursoimobiliaria.com.br\/index.php\/imovel-bairro-mooca\/","article_modified_time":"2024-11-13T16:29:04+00:00","twitter_card":"summary_large_image","schema":{"@context":"https:\/\/schema.org","@graph":[{"@type":"WebPage","@id":"https:\/\/cladursoimobiliaria.com.br\/index.php\/imovel-bairro-mooca\/","url":"https:\/\/cladursoimobiliaria.com.br\/index.php\/imovel-bairro-mooca\/","name":"Im\u00f3vel-Bairro-Mooca -","isPartOf":{"@id":"https:\/\/cladursoimobiliaria.com.br\/#website"},"datePublished":"2024-11-13T16:27:51+00:00","dateModified":"2024-11-13T16:29:04+00:00","breadcrumb":{"@id":"https:\/\/cladursoimobiliaria.com.br\/index.php\/imovel-bairro-mooca\/#breadcrumb"},"inLanguage":"pt-BR","potentialAction":[{"@type":"ReadAction","target":["https:\/\/cladursoimobiliaria.com.br\/index.php\/imovel-bairro-mooca\/"]}]},{"@type":"BreadcrumbList","@id":"https:\/\/cladursoimobiliaria.com.br\/index.php\/imovel-bairro-mooca\/#breadcrumb","itemListElement":[{"@type":"ListItem","position":1,"name":"Home","item":"https:\/\/cladursoimobiliaria.com.br\/"},{"@type":"ListItem","position":2,"name":"Im\u00f3vel-Bairro-Mooca"}]},{"@type":"WebSite","@id":"https:\/\/cladursoimobiliaria.com.br\/#website","url":"https:\/\/cladursoimobiliaria.com.br\/","name":"Cladurso Imobili\u00e1ria","description":"","publisher":{"@id":"https:\/\/cladursoimobiliaria.com.br\/#organization"},"potentialAction":[{"@type":"SearchAction","target":{"@type":"EntryPoint","urlTemplate":"https:\/\/cladursoimobiliaria.com.br\/?s={search_term_string}"},"query-input":{"@type":"PropertyValueSpecification","valueRequired":true,"valueName":"search_term_string"}}],"inLanguage":"pt-BR"},{"@type":"Organization","@id":"https:\/\/cladursoimobiliaria.com.br\/#organization","name":"Cladurso Imobili\u00e1ria","url":"https:\/\/cladursoimobiliaria.com.br\/","logo":{"@type":"ImageObject","inLanguage":"pt-BR","@id":"https:\/\/cladursoimobiliaria.com.br\/#\/schema\/logo\/image\/","url":"https:\/\/cladursoimobiliaria.com.br\/wp-content\/uploads\/2024\/08\/logo-imobiliaria-cladurso.jpg","contentUrl":"https:\/\/cladursoimobiliaria.com.br\/wp-content\/uploads\/2024\/08\/logo-imobiliaria-cladurso.jpg","width":500,"height":500,"caption":"Cladurso Imobili\u00e1ria"},"image":{"@id":"https:\/\/cladursoimobiliaria.com.br\/#\/schema\/logo\/image\/"},"sameAs":["https:\/\/www.instagram.com\/imobiliariacladurso\/?igsh=NmV6azNvdjk5Nm5y#"]}]}},"_links":{"self":[{"href":"https:\/\/cladursoimobiliaria.com.br\/index.php\/wp-json\/wp\/v2\/pages\/18564","targetHints":{"allow":["GET"]}}],"collection":[{"href":"https:\/\/cladursoimobiliaria.com.br\/index.php\/wp-json\/wp\/v2\/pages"}],"about":[{"href":"https:\/\/cladursoimobiliaria.com.br\/index.php\/wp-json\/wp\/v2\/types\/page"}],"author":[{"embeddable":true,"href":"https:\/\/cladursoimobiliaria.com.br\/index.php\/wp-json\/wp\/v2\/users\/1"}],"replies":[{"embeddable":true,"href":"https:\/\/cladursoimobiliaria.com.br\/index.php\/wp-json\/wp\/v2\/comments?post=18564"}],"version-history":[{"count":4,"href":"https:\/\/cladursoimobiliaria.com.br\/index.php\/wp-json\/wp\/v2\/pages\/18564\/revisions"}],"predecessor-version":[{"id":18568,"href":"https:\/\/cladursoimobiliaria.com.br\/index.php\/wp-json\/wp\/v2\/pages\/18564\/revisions\/18568"}],"wp:attachment":[{"href":"https:\/\/cladursoimobiliaria.com.br\/index.php\/wp-json\/wp\/v2\/media?parent=18564"}],"wp:term":[{"taxonomy":"folder","embeddable":true,"href":"https:\/\/cladursoimobiliaria.com.br\/index.php\/wp-json\/wp\/v2\/folder?post=18564"}],"curies":[{"name":"wp","href":"https:\/\/api.w.org\/{rel}","templated":true}]}}