{"id":20427,"date":"2025-11-16T08:47:52","date_gmt":"2025-11-16T11:47:52","guid":{"rendered":"https:\/\/cladursoimobiliaria.com.br\/?page_id=20427"},"modified":"2025-11-16T09:32:12","modified_gmt":"2025-11-16T12:32:12","slug":"lancamento-vila-nova-conceicao-miguel-calfat","status":"publish","type":"page","link":"https:\/\/cladursoimobiliaria.com.br\/index.php\/lancamento-vila-nova-conceicao-miguel-calfat\/","title":{"rendered":"lan\u00e7amento vila nova concei\u00e7\u00e3o-miguel calfat"},"content":{"rendered":"\t\t<div data-elementor-type=\"wp-page\" data-elementor-id=\"20427\" class=\"elementor elementor-20427\">\n\t\t\t\t<div class=\"elementor-element elementor-element-261f86c e-flex e-con-boxed e-con e-parent\" data-id=\"261f86c\" data-element_type=\"container\" data-e-type=\"container\">\n\t\t\t\t\t<div class=\"e-con-inner\">\n\t\t\t\t<div class=\"elementor-element elementor-element-13c02e7 elementor-widget elementor-widget-heading\" data-id=\"13c02e7\" data-element_type=\"widget\" data-e-type=\"widget\" data-widget_type=\"heading.default\">\n\t\t\t\t<div class=\"elementor-widget-container\">\n\t\t\t\t\t<h2 class=\"elementor-heading-title elementor-size-default\">studios vila nova concei\u00e7\u00e3o<\/h2>\t\t\t\t<\/div>\n\t\t\t\t<\/div>\n\t\t\t\t\t<\/div>\n\t\t\t\t<\/div>\n\t\t<div class=\"elementor-element elementor-element-110e5a5 e-flex e-con-boxed e-con e-parent\" data-id=\"110e5a5\" data-element_type=\"container\" data-e-type=\"container\">\n\t\t\t\t\t<div class=\"e-con-inner\">\n\t\t<div class=\"elementor-element elementor-element-cd889c1 e-con-full e-flex e-con e-child\" data-id=\"cd889c1\" data-element_type=\"container\" data-e-type=\"container\">\n\t\t\t\t<\/div>\n\t\t<div class=\"elementor-element elementor-element-55e62f1 e-con-full e-flex e-con e-child\" data-id=\"55e62f1\" data-element_type=\"container\" data-e-type=\"container\">\n\t\t\t\t<div class=\"elementor-element elementor-element-8729c49 elementor-widget elementor-widget-image\" data-id=\"8729c49\" data-element_type=\"widget\" data-e-type=\"widget\" data-widget_type=\"image.default\">\n\t\t\t\t<div class=\"elementor-widget-container\">\n\t\t\t\t\t\t\t\t\t\t\t\t\t\t\t<img fetchpriority=\"high\" decoding=\"async\" width=\"819\" height=\"1024\" src=\"https:\/\/cladursoimobiliaria.com.br\/wp-content\/uploads\/2025\/11\/nex-one-vila-nova-conceicao-1-1-819x1024.jpeg\" class=\"attachment-large size-large wp-image-20365\" alt=\"\" srcset=\"https:\/\/cladursoimobiliaria.com.br\/wp-content\/uploads\/2025\/11\/nex-one-vila-nova-conceicao-1-1-819x1024.jpeg 819w, https:\/\/cladursoimobiliaria.com.br\/wp-content\/uploads\/2025\/11\/nex-one-vila-nova-conceicao-1-1-240x300.jpeg 240w, https:\/\/cladursoimobiliaria.com.br\/wp-content\/uploads\/2025\/11\/nex-one-vila-nova-conceicao-1-1-768x960.jpeg 768w, https:\/\/cladursoimobiliaria.com.br\/wp-content\/uploads\/2025\/11\/nex-one-vila-nova-conceicao-1-1-1229x1536.jpeg 1229w, https:\/\/cladursoimobiliaria.com.br\/wp-content\/uploads\/2025\/11\/nex-one-vila-nova-conceicao-1-1.jpeg 1280w\" sizes=\"(max-width: 819px) 100vw, 819px\" \/>\t\t\t\t\t\t\t\t\t\t\t\t\t\t\t<\/div>\n\t\t\t\t<\/div>\n\t\t\t\t<\/div>\n\t\t<div class=\"elementor-element elementor-element-fdab48c e-con-full e-flex e-con e-child\" data-id=\"fdab48c\" data-element_type=\"container\" data-e-type=\"container\">\n\t\t\t\t<\/div>\n\t\t\t\t\t<\/div>\n\t\t\t\t<\/div>\n\t\t<div class=\"elementor-element elementor-element-1039ef1 e-flex e-con-boxed e-con e-parent\" data-id=\"1039ef1\" data-element_type=\"container\" data-e-type=\"container\">\n\t\t\t\t\t<div class=\"e-con-inner\">\n\t\t<div class=\"elementor-element elementor-element-1d80ec4 e-con-full e-flex e-con e-child\" data-id=\"1d80ec4\" data-element_type=\"container\" data-e-type=\"container\">\n\t\t\t\t<\/div>\n\t\t<div class=\"elementor-element elementor-element-67c352d e-con-full e-flex e-con e-child\" data-id=\"67c352d\" data-element_type=\"container\" data-e-type=\"container\">\n\t\t\t\t<div class=\"elementor-element elementor-element-fc522f0 elementor-widget elementor-widget-heading\" data-id=\"fc522f0\" data-element_type=\"widget\" data-e-type=\"widget\" data-widget_type=\"heading.default\">\n\t\t\t\t<div class=\"elementor-widget-container\">\n\t\t\t\t\t<h2 class=\"elementor-heading-title elementor-size-default\">Consultora Clarice D'Urso<\/h2>\t\t\t\t<\/div>\n\t\t\t\t<\/div>\n\t\t\t\t<div class=\"elementor-element elementor-element-6e6385e elementor-widget elementor-widget-heading\" data-id=\"6e6385e\" data-element_type=\"widget\" data-e-type=\"widget\" data-widget_type=\"heading.default\">\n\t\t\t\t<div class=\"elementor-widget-container\">\n\t\t\t\t\t<h2 class=\"elementor-heading-title elementor-size-default\">(11) 99952-0583<\/h2>\t\t\t\t<\/div>\n\t\t\t\t<\/div>\n\t\t\t\t<div class=\"elementor-element elementor-element-1e24331 elementor-align-center elementor-widget elementor-widget-button\" data-id=\"1e24331\" data-element_type=\"widget\" data-e-type=\"widget\" data-widget_type=\"button.default\">\n\t\t\t\t<div class=\"elementor-widget-container\">\n\t\t\t\t\t\t\t\t\t<div class=\"elementor-button-wrapper\">\n\t\t\t\t\t<a class=\"elementor-button elementor-button-link elementor-size-sm\" href=\"https:\/\/api.whatsapp.com\/send\/?phone=5511989810422&#038;text=Fale+Conosco&#038;type=phone_number&#038;app_absent=0\">\n\t\t\t\t\t\t<span class=\"elementor-button-content-wrapper\">\n\t\t\t\t\t\t<span class=\"elementor-button-icon\">\n\t\t\t\t<svg aria-hidden=\"true\" class=\"e-font-icon-svg e-fab-whatsapp\" viewBox=\"0 0 448 512\" xmlns=\"http:\/\/www.w3.org\/2000\/svg\"><path d=\"M380.9 97.1C339 55.1 283.2 32 223.9 32c-122.4 0-222 99.6-222 222 0 39.1 10.2 77.3 29.6 111L0 480l117.7-30.9c32.4 17.7 68.9 27 106.1 27h.1c122.3 0 224.1-99.6 224.1-222 0-59.3-25.2-115-67.1-157zm-157 341.6c-33.2 0-65.7-8.9-94-25.7l-6.7-4-69.8 18.3L72 359.2l-4.4-7c-18.5-29.4-28.2-63.3-28.2-98.2 0-101.7 82.8-184.5 184.6-184.5 49.3 0 95.6 19.2 130.4 54.1 34.8 34.9 56.2 81.2 56.1 130.5 0 101.8-84.9 184.6-186.6 184.6zm101.2-138.2c-5.5-2.8-32.8-16.2-37.9-18-5.1-1.9-8.8-2.8-12.5 2.8-3.7 5.6-14.3 18-17.6 21.8-3.2 3.7-6.5 4.2-12 1.4-32.6-16.3-54-29.1-75.5-66-5.7-9.8 5.7-9.1 16.3-30.3 1.8-3.7.9-6.9-.5-9.7-1.4-2.8-12.5-30.1-17.1-41.2-4.5-10.8-9.1-9.3-12.5-9.5-3.2-.2-6.9-.2-10.6-.2-3.7 0-9.7 1.4-14.8 6.9-5.1 5.6-19.4 19-19.4 46.3 0 27.3 19.9 53.7 22.6 57.4 2.8 3.7 39.1 59.7 94.8 83.8 35.2 15.2 49 16.5 66.6 13.9 10.7-1.6 32.8-13.4 37.4-26.4 4.6-13 4.6-24.1 3.2-26.4-1.3-2.5-5-3.9-10.5-6.6z\"><\/path><\/svg>\t\t\t<\/span>\n\t\t\t\t\t\t\t\t\t<span class=\"elementor-button-text\">Saiba Mais<\/span>\n\t\t\t\t\t<\/span>\n\t\t\t\t\t<\/a>\n\t\t\t\t<\/div>\n\t\t\t\t\t\t\t\t<\/div>\n\t\t\t\t<\/div>\n\t\t\t\t<\/div>\n\t\t<div class=\"elementor-element elementor-element-460d986 e-con-full e-flex e-con e-child\" data-id=\"460d986\" data-element_type=\"container\" data-e-type=\"container\">\n\t\t\t\t<\/div>\n\t\t\t\t\t<\/div>\n\t\t\t\t<\/div>\n\t\t\t\t<\/div>\n\t\t","protected":false},"excerpt":{"rendered":"<p>studios vila nova concei\u00e7\u00e3o Consultora Clarice D&#8217;Urso (11) 99952-0583 Saiba Mais<\/p>\n","protected":false},"author":2,"featured_media":0,"parent":0,"menu_order":0,"comment_status":"closed","ping_status":"closed","template":"elementor_canvas","meta":{"neve_meta_sidebar":"","neve_meta_container":"","neve_meta_enable_content_width":"off","neve_meta_content_width":100,"neve_meta_title_alignment":"","neve_meta_author_avatar":"","neve_post_elements_order":"","neve_meta_disable_header":"","neve_meta_disable_footer":"","neve_meta_disable_title":"","footnotes":""},"folder":[],"class_list":["post-20427","page","type-page","status-publish","hentry"],"yoast_head":"<!-- This site is optimized with the Yoast SEO plugin v27.4 - https:\/\/yoast.com\/product\/yoast-seo-wordpress\/ -->\n<title>lan\u00e7amento vila nova concei\u00e7\u00e3o-miguel calfat -<\/title>\n<meta name=\"robots\" content=\"index, follow, max-snippet:-1, max-image-preview:large, max-video-preview:-1\" \/>\n<link rel=\"canonical\" href=\"https:\/\/cladursoimobiliaria.com.br\/index.php\/lancamento-vila-nova-conceicao-miguel-calfat\/\" \/>\n<meta property=\"og:locale\" content=\"pt_BR\" \/>\n<meta property=\"og:type\" content=\"article\" \/>\n<meta property=\"og:title\" content=\"lan\u00e7amento vila nova concei\u00e7\u00e3o-miguel calfat -\" \/>\n<meta property=\"og:description\" content=\"studios vila nova concei\u00e7\u00e3o Consultora Clarice D&#8217;Urso (11) 99952-0583 Saiba Mais\" \/>\n<meta property=\"og:url\" content=\"https:\/\/cladursoimobiliaria.com.br\/index.php\/lancamento-vila-nova-conceicao-miguel-calfat\/\" \/>\n<meta property=\"article:modified_time\" content=\"2025-11-16T12:32:12+00:00\" \/>\n<meta property=\"og:image\" content=\"https:\/\/cladursoimobiliaria.com.br\/wp-content\/uploads\/2025\/11\/nex-one-vila-nova-conceicao-1-1.jpeg\" \/>\n\t<meta property=\"og:image:width\" content=\"1280\" \/>\n\t<meta property=\"og:image:height\" content=\"1600\" \/>\n\t<meta property=\"og:image:type\" content=\"image\/jpeg\" \/>\n<meta name=\"twitter:card\" content=\"summary_large_image\" \/>\n<meta name=\"twitter:label1\" content=\"Est. tempo de leitura\" \/>\n\t<meta name=\"twitter:data1\" content=\"1 minuto\" \/>\n<script type=\"application\/ld+json\" class=\"yoast-schema-graph\">{\"@context\":\"https:\\\/\\\/schema.org\",\"@graph\":[{\"@type\":\"WebPage\",\"@id\":\"https:\\\/\\\/cladursoimobiliaria.com.br\\\/index.php\\\/lancamento-vila-nova-conceicao-miguel-calfat\\\/\",\"url\":\"https:\\\/\\\/cladursoimobiliaria.com.br\\\/index.php\\\/lancamento-vila-nova-conceicao-miguel-calfat\\\/\",\"name\":\"lan\u00e7amento vila nova concei\u00e7\u00e3o-miguel calfat -\",\"isPartOf\":{\"@id\":\"https:\\\/\\\/cladursoimobiliaria.com.br\\\/#website\"},\"primaryImageOfPage\":{\"@id\":\"https:\\\/\\\/cladursoimobiliaria.com.br\\\/index.php\\\/lancamento-vila-nova-conceicao-miguel-calfat\\\/#primaryimage\"},\"image\":{\"@id\":\"https:\\\/\\\/cladursoimobiliaria.com.br\\\/index.php\\\/lancamento-vila-nova-conceicao-miguel-calfat\\\/#primaryimage\"},\"thumbnailUrl\":\"https:\\\/\\\/cladursoimobiliaria.com.br\\\/wp-content\\\/uploads\\\/2025\\\/11\\\/nex-one-vila-nova-conceicao-1-1-819x1024.jpeg\",\"datePublished\":\"2025-11-16T11:47:52+00:00\",\"dateModified\":\"2025-11-16T12:32:12+00:00\",\"breadcrumb\":{\"@id\":\"https:\\\/\\\/cladursoimobiliaria.com.br\\\/index.php\\\/lancamento-vila-nova-conceicao-miguel-calfat\\\/#breadcrumb\"},\"inLanguage\":\"pt-BR\",\"potentialAction\":[{\"@type\":\"ReadAction\",\"target\":[\"https:\\\/\\\/cladursoimobiliaria.com.br\\\/index.php\\\/lancamento-vila-nova-conceicao-miguel-calfat\\\/\"]}]},{\"@type\":\"ImageObject\",\"inLanguage\":\"pt-BR\",\"@id\":\"https:\\\/\\\/cladursoimobiliaria.com.br\\\/index.php\\\/lancamento-vila-nova-conceicao-miguel-calfat\\\/#primaryimage\",\"url\":\"https:\\\/\\\/cladursoimobiliaria.com.br\\\/wp-content\\\/uploads\\\/2025\\\/11\\\/nex-one-vila-nova-conceicao-1-1.jpeg\",\"contentUrl\":\"https:\\\/\\\/cladursoimobiliaria.com.br\\\/wp-content\\\/uploads\\\/2025\\\/11\\\/nex-one-vila-nova-conceicao-1-1.jpeg\",\"width\":1280,\"height\":1600},{\"@type\":\"BreadcrumbList\",\"@id\":\"https:\\\/\\\/cladursoimobiliaria.com.br\\\/index.php\\\/lancamento-vila-nova-conceicao-miguel-calfat\\\/#breadcrumb\",\"itemListElement\":[{\"@type\":\"ListItem\",\"position\":1,\"name\":\"Home\",\"item\":\"https:\\\/\\\/cladursoimobiliaria.com.br\\\/\"},{\"@type\":\"ListItem\",\"position\":2,\"name\":\"lan\u00e7amento vila nova concei\u00e7\u00e3o-miguel calfat\"}]},{\"@type\":\"WebSite\",\"@id\":\"https:\\\/\\\/cladursoimobiliaria.com.br\\\/#website\",\"url\":\"https:\\\/\\\/cladursoimobiliaria.com.br\\\/\",\"name\":\"Cladurso Imobili\u00e1ria\",\"description\":\"\",\"publisher\":{\"@id\":\"https:\\\/\\\/cladursoimobiliaria.com.br\\\/#organization\"},\"potentialAction\":[{\"@type\":\"SearchAction\",\"target\":{\"@type\":\"EntryPoint\",\"urlTemplate\":\"https:\\\/\\\/cladursoimobiliaria.com.br\\\/?s={search_term_string}\"},\"query-input\":{\"@type\":\"PropertyValueSpecification\",\"valueRequired\":true,\"valueName\":\"search_term_string\"}}],\"inLanguage\":\"pt-BR\"},{\"@type\":\"Organization\",\"@id\":\"https:\\\/\\\/cladursoimobiliaria.com.br\\\/#organization\",\"name\":\"Cladurso Imobili\u00e1ria\",\"url\":\"https:\\\/\\\/cladursoimobiliaria.com.br\\\/\",\"logo\":{\"@type\":\"ImageObject\",\"inLanguage\":\"pt-BR\",\"@id\":\"https:\\\/\\\/cladursoimobiliaria.com.br\\\/#\\\/schema\\\/logo\\\/image\\\/\",\"url\":\"https:\\\/\\\/cladursoimobiliaria.com.br\\\/wp-content\\\/uploads\\\/2024\\\/08\\\/logo-imobiliaria-cladurso.jpg\",\"contentUrl\":\"https:\\\/\\\/cladursoimobiliaria.com.br\\\/wp-content\\\/uploads\\\/2024\\\/08\\\/logo-imobiliaria-cladurso.jpg\",\"width\":500,\"height\":500,\"caption\":\"Cladurso Imobili\u00e1ria\"},\"image\":{\"@id\":\"https:\\\/\\\/cladursoimobiliaria.com.br\\\/#\\\/schema\\\/logo\\\/image\\\/\"},\"sameAs\":[\"https:\\\/\\\/www.instagram.com\\\/imobiliariacladurso\\\/?igsh=NmV6azNvdjk5Nm5y#\"]}]}<\/script>\n<!-- \/ Yoast SEO plugin. -->","yoast_head_json":{"title":"lan\u00e7amento vila nova concei\u00e7\u00e3o-miguel calfat -","robots":{"index":"index","follow":"follow","max-snippet":"max-snippet:-1","max-image-preview":"max-image-preview:large","max-video-preview":"max-video-preview:-1"},"canonical":"https:\/\/cladursoimobiliaria.com.br\/index.php\/lancamento-vila-nova-conceicao-miguel-calfat\/","og_locale":"pt_BR","og_type":"article","og_title":"lan\u00e7amento vila nova concei\u00e7\u00e3o-miguel calfat -","og_description":"studios vila nova concei\u00e7\u00e3o Consultora Clarice D&#8217;Urso (11) 99952-0583 Saiba Mais","og_url":"https:\/\/cladursoimobiliaria.com.br\/index.php\/lancamento-vila-nova-conceicao-miguel-calfat\/","article_modified_time":"2025-11-16T12:32:12+00:00","og_image":[{"width":1280,"height":1600,"url":"https:\/\/cladursoimobiliaria.com.br\/wp-content\/uploads\/2025\/11\/nex-one-vila-nova-conceicao-1-1.jpeg","type":"image\/jpeg"}],"twitter_card":"summary_large_image","twitter_misc":{"Est. tempo de leitura":"1 minuto"},"schema":{"@context":"https:\/\/schema.org","@graph":[{"@type":"WebPage","@id":"https:\/\/cladursoimobiliaria.com.br\/index.php\/lancamento-vila-nova-conceicao-miguel-calfat\/","url":"https:\/\/cladursoimobiliaria.com.br\/index.php\/lancamento-vila-nova-conceicao-miguel-calfat\/","name":"lan\u00e7amento vila nova concei\u00e7\u00e3o-miguel calfat -","isPartOf":{"@id":"https:\/\/cladursoimobiliaria.com.br\/#website"},"primaryImageOfPage":{"@id":"https:\/\/cladursoimobiliaria.com.br\/index.php\/lancamento-vila-nova-conceicao-miguel-calfat\/#primaryimage"},"image":{"@id":"https:\/\/cladursoimobiliaria.com.br\/index.php\/lancamento-vila-nova-conceicao-miguel-calfat\/#primaryimage"},"thumbnailUrl":"https:\/\/cladursoimobiliaria.com.br\/wp-content\/uploads\/2025\/11\/nex-one-vila-nova-conceicao-1-1-819x1024.jpeg","datePublished":"2025-11-16T11:47:52+00:00","dateModified":"2025-11-16T12:32:12+00:00","breadcrumb":{"@id":"https:\/\/cladursoimobiliaria.com.br\/index.php\/lancamento-vila-nova-conceicao-miguel-calfat\/#breadcrumb"},"inLanguage":"pt-BR","potentialAction":[{"@type":"ReadAction","target":["https:\/\/cladursoimobiliaria.com.br\/index.php\/lancamento-vila-nova-conceicao-miguel-calfat\/"]}]},{"@type":"ImageObject","inLanguage":"pt-BR","@id":"https:\/\/cladursoimobiliaria.com.br\/index.php\/lancamento-vila-nova-conceicao-miguel-calfat\/#primaryimage","url":"https:\/\/cladursoimobiliaria.com.br\/wp-content\/uploads\/2025\/11\/nex-one-vila-nova-conceicao-1-1.jpeg","contentUrl":"https:\/\/cladursoimobiliaria.com.br\/wp-content\/uploads\/2025\/11\/nex-one-vila-nova-conceicao-1-1.jpeg","width":1280,"height":1600},{"@type":"BreadcrumbList","@id":"https:\/\/cladursoimobiliaria.com.br\/index.php\/lancamento-vila-nova-conceicao-miguel-calfat\/#breadcrumb","itemListElement":[{"@type":"ListItem","position":1,"name":"Home","item":"https:\/\/cladursoimobiliaria.com.br\/"},{"@type":"ListItem","position":2,"name":"lan\u00e7amento vila nova concei\u00e7\u00e3o-miguel calfat"}]},{"@type":"WebSite","@id":"https:\/\/cladursoimobiliaria.com.br\/#website","url":"https:\/\/cladursoimobiliaria.com.br\/","name":"Cladurso Imobili\u00e1ria","description":"","publisher":{"@id":"https:\/\/cladursoimobiliaria.com.br\/#organization"},"potentialAction":[{"@type":"SearchAction","target":{"@type":"EntryPoint","urlTemplate":"https:\/\/cladursoimobiliaria.com.br\/?s={search_term_string}"},"query-input":{"@type":"PropertyValueSpecification","valueRequired":true,"valueName":"search_term_string"}}],"inLanguage":"pt-BR"},{"@type":"Organization","@id":"https:\/\/cladursoimobiliaria.com.br\/#organization","name":"Cladurso Imobili\u00e1ria","url":"https:\/\/cladursoimobiliaria.com.br\/","logo":{"@type":"ImageObject","inLanguage":"pt-BR","@id":"https:\/\/cladursoimobiliaria.com.br\/#\/schema\/logo\/image\/","url":"https:\/\/cladursoimobiliaria.com.br\/wp-content\/uploads\/2024\/08\/logo-imobiliaria-cladurso.jpg","contentUrl":"https:\/\/cladursoimobiliaria.com.br\/wp-content\/uploads\/2024\/08\/logo-imobiliaria-cladurso.jpg","width":500,"height":500,"caption":"Cladurso Imobili\u00e1ria"},"image":{"@id":"https:\/\/cladursoimobiliaria.com.br\/#\/schema\/logo\/image\/"},"sameAs":["https:\/\/www.instagram.com\/imobiliariacladurso\/?igsh=NmV6azNvdjk5Nm5y#"]}]}},"_links":{"self":[{"href":"https:\/\/cladursoimobiliaria.com.br\/index.php\/wp-json\/wp\/v2\/pages\/20427","targetHints":{"allow":["GET"]}}],"collection":[{"href":"https:\/\/cladursoimobiliaria.com.br\/index.php\/wp-json\/wp\/v2\/pages"}],"about":[{"href":"https:\/\/cladursoimobiliaria.com.br\/index.php\/wp-json\/wp\/v2\/types\/page"}],"author":[{"embeddable":true,"href":"https:\/\/cladursoimobiliaria.com.br\/index.php\/wp-json\/wp\/v2\/users\/2"}],"replies":[{"embeddable":true,"href":"https:\/\/cladursoimobiliaria.com.br\/index.php\/wp-json\/wp\/v2\/comments?post=20427"}],"version-history":[{"count":16,"href":"https:\/\/cladursoimobiliaria.com.br\/index.php\/wp-json\/wp\/v2\/pages\/20427\/revisions"}],"predecessor-version":[{"id":20480,"href":"https:\/\/cladursoimobiliaria.com.br\/index.php\/wp-json\/wp\/v2\/pages\/20427\/revisions\/20480"}],"wp:attachment":[{"href":"https:\/\/cladursoimobiliaria.com.br\/index.php\/wp-json\/wp\/v2\/media?parent=20427"}],"wp:term":[{"taxonomy":"folder","embeddable":true,"href":"https:\/\/cladursoimobiliaria.com.br\/index.php\/wp-json\/wp\/v2\/folder?post=20427"}],"curies":[{"name":"wp","href":"https:\/\/api.w.org\/{rel}","templated":true}]}}